
{"id":543,"date":"2021-06-30T09:32:54","date_gmt":"2021-06-30T09:32:54","guid":{"rendered":"https:\/\/bridge438.qodeinteractive.com\/?page_id=543"},"modified":"2023-05-20T09:07:22","modified_gmt":"2023-05-20T07:07:22","slug":"historia","status":"publish","type":"page","link":"https:\/\/webparamiboda.com\/ejemploelenaymiguel\/historia\/","title":{"rendered":"Nuestra historia"},"content":{"rendered":"\t\t<div data-elementor-type=\"wp-page\" data-elementor-id=\"543\" class=\"elementor elementor-543\">\n\t\t\t\t\t\t\t\t\t<section class=\"elementor-section elementor-top-section elementor-element elementor-element-855554f elementor-section-boxed elementor-section-height-default elementor-section-height-default parallax_section_no qode_elementor_container_no\" data-id=\"855554f\" data-element_type=\"section\">\n\t\t\t\t\t\t<div class=\"elementor-container elementor-column-gap-default\">\n\t\t\t\t\t<div class=\"elementor-column elementor-col-100 elementor-top-column elementor-element elementor-element-5546204\" data-id=\"5546204\" data-element_type=\"column\">\n\t\t\t<div class=\"elementor-widget-wrap elementor-element-populated\">\n\t\t\t\t\t\t\t\t<div class=\"elementor-element elementor-element-cba0423 elementor-widget elementor-widget-heading\" data-id=\"cba0423\" data-element_type=\"widget\" data-widget_type=\"heading.default\">\n\t\t\t\t<div class=\"elementor-widget-container\">\n\t\t\t<style>\/*! elementor - v3.14.0 - 26-06-2023 *\/\n.elementor-heading-title{padding:0;margin:0;line-height:1}.elementor-widget-heading .elementor-heading-title[class*=elementor-size-]>a{color:inherit;font-size:inherit;line-height:inherit}.elementor-widget-heading .elementor-heading-title.elementor-size-small{font-size:15px}.elementor-widget-heading .elementor-heading-title.elementor-size-medium{font-size:19px}.elementor-widget-heading .elementor-heading-title.elementor-size-large{font-size:29px}.elementor-widget-heading .elementor-heading-title.elementor-size-xl{font-size:39px}.elementor-widget-heading .elementor-heading-title.elementor-size-xxl{font-size:59px}<\/style><h6 class=\"elementor-heading-title elementor-size-default\">Elena del R\u00edo y Miguel Guerrero<\/h6>\t\t<\/div>\n\t\t\t\t<\/div>\n\t\t\t\t<div class=\"elementor-element elementor-element-6874b44 elementor-widget elementor-widget-spacer\" data-id=\"6874b44\" data-element_type=\"widget\" data-widget_type=\"spacer.default\">\n\t\t\t\t<div class=\"elementor-widget-container\">\n\t\t\t<style>\/*! elementor - v3.14.0 - 26-06-2023 *\/\n.elementor-column .elementor-spacer-inner{height:var(--spacer-size)}.e-con{--container-widget-width:100%}.e-con-inner>.elementor-widget-spacer,.e-con>.elementor-widget-spacer{width:var(--container-widget-width,var(--spacer-size));--align-self:var(--container-widget-align-self,initial);--flex-shrink:0}.e-con-inner>.elementor-widget-spacer>.elementor-widget-container,.e-con-inner>.elementor-widget-spacer>.elementor-widget-container>.elementor-spacer,.e-con>.elementor-widget-spacer>.elementor-widget-container,.e-con>.elementor-widget-spacer>.elementor-widget-container>.elementor-spacer{height:100%}.e-con-inner>.elementor-widget-spacer>.elementor-widget-container>.elementor-spacer>.elementor-spacer-inner,.e-con>.elementor-widget-spacer>.elementor-widget-container>.elementor-spacer>.elementor-spacer-inner{height:var(--container-widget-height,var(--spacer-size))}<\/style>\t\t<div class=\"elementor-spacer\">\n\t\t\t<div class=\"elementor-spacer-inner\"><\/div>\n\t\t<\/div>\n\t\t\t\t<\/div>\n\t\t\t\t<\/div>\n\t\t\t\t<div class=\"elementor-element elementor-element-76b8b55 elementor-widget elementor-widget-heading\" data-id=\"76b8b55\" data-element_type=\"widget\" data-widget_type=\"heading.default\">\n\t\t\t\t<div class=\"elementor-widget-container\">\n\t\t\t<h4 class=\"elementor-heading-title elementor-size-default\">\u00a1Nos casamos!<\/h4>\t\t<\/div>\n\t\t\t\t<\/div>\n\t\t\t\t\t<\/div>\n\t\t<\/div>\n\t\t\t\t\t\t\t<\/div>\n\t\t<\/section>\n\t\t\t\t<section class=\"elementor-section elementor-top-section elementor-element elementor-element-9c1891a elementor-section-full_width qode_elementor_container_inner elementor-section-height-default elementor-section-height-default parallax_section_no\" data-id=\"9c1891a\" data-element_type=\"section\">\n\t\t\t\t\t\t<div class=\"elementor-container elementor-column-gap-default\">\n\t\t\t\t\t<div class=\"elementor-column elementor-col-33 elementor-top-column elementor-element elementor-element-c9ef96b\" data-id=\"c9ef96b\" data-element_type=\"column\">\n\t\t\t<div class=\"elementor-widget-wrap elementor-element-populated\">\n\t\t\t\t\t\t\t\t<div class=\"elementor-element elementor-element-576d129 elementor-widget elementor-widget-heading\" data-id=\"576d129\" data-element_type=\"widget\" data-widget_type=\"heading.default\">\n\t\t\t\t<div class=\"elementor-widget-container\">\n\t\t\t<h5 class=\"elementor-heading-title elementor-size-default\">Catedral de Burgos<\/h5>\t\t<\/div>\n\t\t\t\t<\/div>\n\t\t\t\t<div class=\"elementor-element elementor-element-238b1bd elementor-widget elementor-widget-spacer\" data-id=\"238b1bd\" data-element_type=\"widget\" data-widget_type=\"spacer.default\">\n\t\t\t\t<div class=\"elementor-widget-container\">\n\t\t\t\t\t<div class=\"elementor-spacer\">\n\t\t\t<div class=\"elementor-spacer-inner\"><\/div>\n\t\t<\/div>\n\t\t\t\t<\/div>\n\t\t\t\t<\/div>\n\t\t\t\t<div class=\"elementor-element elementor-element-e90eed4 elementor-widget elementor-widget-text-editor\" data-id=\"e90eed4\" data-element_type=\"widget\" data-widget_type=\"text-editor.default\">\n\t\t\t\t<div class=\"elementor-widget-container\">\n\t\t\t<style>\/*! elementor - v3.14.0 - 26-06-2023 *\/\n.elementor-widget-text-editor.elementor-drop-cap-view-stacked .elementor-drop-cap{background-color:#69727d;color:#fff}.elementor-widget-text-editor.elementor-drop-cap-view-framed .elementor-drop-cap{color:#69727d;border:3px solid;background-color:transparent}.elementor-widget-text-editor:not(.elementor-drop-cap-view-default) .elementor-drop-cap{margin-top:8px}.elementor-widget-text-editor:not(.elementor-drop-cap-view-default) .elementor-drop-cap-letter{width:1em;height:1em}.elementor-widget-text-editor .elementor-drop-cap{float:left;text-align:center;line-height:1;font-size:50px}.elementor-widget-text-editor .elementor-drop-cap-letter{display:inline-block}<\/style>\t\t\t\t<p style=\"text-align: center;\">El mejor sitio sin lugar a dudas para sellar nuestro amor frente a todos vosotros<\/p>\t\t\t\t\t\t<\/div>\n\t\t\t\t<\/div>\n\t\t\t\t<div class=\"elementor-element elementor-element-ca05e3d elementor-widget elementor-widget-spacer\" data-id=\"ca05e3d\" data-element_type=\"widget\" data-widget_type=\"spacer.default\">\n\t\t\t\t<div class=\"elementor-widget-container\">\n\t\t\t\t\t<div class=\"elementor-spacer\">\n\t\t\t<div class=\"elementor-spacer-inner\"><\/div>\n\t\t<\/div>\n\t\t\t\t<\/div>\n\t\t\t\t<\/div>\n\t\t\t\t<div class=\"elementor-element elementor-element-3c9988c elementor-widget elementor-widget-heading\" data-id=\"3c9988c\" data-element_type=\"widget\" data-widget_type=\"heading.default\">\n\t\t\t\t<div class=\"elementor-widget-container\">\n\t\t\t<h5 class=\"elementor-heading-title elementor-size-default\">Copa de Bienvenida<\/h5>\t\t<\/div>\n\t\t\t\t<\/div>\n\t\t\t\t<div class=\"elementor-element elementor-element-6927101 elementor-widget elementor-widget-spacer\" data-id=\"6927101\" data-element_type=\"widget\" data-widget_type=\"spacer.default\">\n\t\t\t\t<div class=\"elementor-widget-container\">\n\t\t\t\t\t<div class=\"elementor-spacer\">\n\t\t\t<div class=\"elementor-spacer-inner\"><\/div>\n\t\t<\/div>\n\t\t\t\t<\/div>\n\t\t\t\t<\/div>\n\t\t\t\t<div class=\"elementor-element elementor-element-0ec74f1 elementor-widget elementor-widget-text-editor\" data-id=\"0ec74f1\" data-element_type=\"widget\" data-widget_type=\"text-editor.default\">\n\t\t\t\t<div class=\"elementor-widget-container\">\n\t\t\t\t\t\t\t<p style=\"text-align: center;\">Los mejores aperitivos para que disfrut\u00e9is mientras esper\u00e1is nuestra llegada al sal\u00f3n de bodas<\/p>\t\t\t\t\t\t<\/div>\n\t\t\t\t<\/div>\n\t\t\t\t\t<\/div>\n\t\t<\/div>\n\t\t\t\t<div class=\"elementor-column elementor-col-33 elementor-top-column elementor-element elementor-element-b8a0ddd\" data-id=\"b8a0ddd\" data-element_type=\"column\">\n\t\t\t<div class=\"elementor-widget-wrap elementor-element-populated\">\n\t\t\t\t\t\t\t\t<div class=\"elementor-element elementor-element-a92181b elementor-widget elementor-widget-image\" data-id=\"a92181b\" data-element_type=\"widget\" data-widget_type=\"image.default\">\n\t\t\t\t<div class=\"elementor-widget-container\">\n\t\t\t<style>\/*! elementor - v3.14.0 - 26-06-2023 *\/\n.elementor-widget-image{text-align:center}.elementor-widget-image a{display:inline-block}.elementor-widget-image a img[src$=\".svg\"]{width:48px}.elementor-widget-image img{vertical-align:middle;display:inline-block}<\/style>\t\t\t\t\t\t\t\t\t\t\t\t<img decoding=\"async\" width=\"468\" height=\"468\" src=\"https:\/\/webparamiboda.com\/ejemploelenaymiguel\/wp-content\/uploads\/2021\/06\/home-image-3.png\" class=\"attachment-full size-full wp-image-106\" alt=\"c\" loading=\"lazy\" srcset=\"https:\/\/webparamiboda.com\/ejemploelenaymiguel\/wp-content\/uploads\/2021\/06\/home-image-3.png 468w, https:\/\/webparamiboda.com\/ejemploelenaymiguel\/wp-content\/uploads\/2021\/06\/home-image-3-300x300.png 300w, https:\/\/webparamiboda.com\/ejemploelenaymiguel\/wp-content\/uploads\/2021\/06\/home-image-3-150x150.png 150w\" sizes=\"(max-width: 468px) 100vw, 468px\" \/>\t\t\t\t\t\t\t\t\t\t\t\t\t\t\t<\/div>\n\t\t\t\t<\/div>\n\t\t\t\t\t<\/div>\n\t\t<\/div>\n\t\t\t\t<div class=\"elementor-column elementor-col-33 elementor-top-column elementor-element elementor-element-8983315\" data-id=\"8983315\" data-element_type=\"column\">\n\t\t\t<div class=\"elementor-widget-wrap elementor-element-populated\">\n\t\t\t\t\t\t\t\t<div class=\"elementor-element elementor-element-b33775c elementor-widget elementor-widget-heading\" data-id=\"b33775c\" data-element_type=\"widget\" data-widget_type=\"heading.default\">\n\t\t\t\t<div class=\"elementor-widget-container\">\n\t\t\t<h5 class=\"elementor-heading-title elementor-size-default\">Gran Cena<\/h5>\t\t<\/div>\n\t\t\t\t<\/div>\n\t\t\t\t<div class=\"elementor-element elementor-element-34faea1 elementor-widget elementor-widget-spacer\" data-id=\"34faea1\" data-element_type=\"widget\" data-widget_type=\"spacer.default\">\n\t\t\t\t<div class=\"elementor-widget-container\">\n\t\t\t\t\t<div class=\"elementor-spacer\">\n\t\t\t<div class=\"elementor-spacer-inner\"><\/div>\n\t\t<\/div>\n\t\t\t\t<\/div>\n\t\t\t\t<\/div>\n\t\t\t\t<div class=\"elementor-element elementor-element-6905cbd elementor-widget elementor-widget-text-editor\" data-id=\"6905cbd\" data-element_type=\"widget\" data-widget_type=\"text-editor.default\">\n\t\t\t\t<div class=\"elementor-widget-container\">\n\t\t\t\t\t\t\t<p style=\"text-align: center;\">Hemos creado un gran men\u00fa para que disfrutes en todos los sentidos de nuestro gran d\u00eda<\/p>\t\t\t\t\t\t<\/div>\n\t\t\t\t<\/div>\n\t\t\t\t<div class=\"elementor-element elementor-element-e7099b7 elementor-widget elementor-widget-spacer\" data-id=\"e7099b7\" data-element_type=\"widget\" data-widget_type=\"spacer.default\">\n\t\t\t\t<div class=\"elementor-widget-container\">\n\t\t\t\t\t<div class=\"elementor-spacer\">\n\t\t\t<div class=\"elementor-spacer-inner\"><\/div>\n\t\t<\/div>\n\t\t\t\t<\/div>\n\t\t\t\t<\/div>\n\t\t\t\t<div class=\"elementor-element elementor-element-dcd382a elementor-widget elementor-widget-heading\" data-id=\"dcd382a\" data-element_type=\"widget\" data-widget_type=\"heading.default\">\n\t\t\t\t<div class=\"elementor-widget-container\">\n\t\t\t<h5 class=\"elementor-heading-title elementor-size-default\">\u00a1Fiesta hasta el amanecer!<\/h5>\t\t<\/div>\n\t\t\t\t<\/div>\n\t\t\t\t<div class=\"elementor-element elementor-element-e9b9f7a elementor-widget elementor-widget-spacer\" data-id=\"e9b9f7a\" data-element_type=\"widget\" data-widget_type=\"spacer.default\">\n\t\t\t\t<div class=\"elementor-widget-container\">\n\t\t\t\t\t<div class=\"elementor-spacer\">\n\t\t\t<div class=\"elementor-spacer-inner\"><\/div>\n\t\t<\/div>\n\t\t\t\t<\/div>\n\t\t\t\t<\/div>\n\t\t\t\t<div class=\"elementor-element elementor-element-024c146 elementor-widget elementor-widget-text-editor\" data-id=\"024c146\" data-element_type=\"widget\" data-widget_type=\"text-editor.default\">\n\t\t\t\t<div class=\"elementor-widget-container\">\n\t\t\t\t\t\t\t<p style=\"text-align: center;\">Una pedazo de fiesta con barra libre, fotomat\u00f3n, golosinas, dulces, y por supuesto, \u00a1mucha m\u00fasica!<\/p>\t\t\t\t\t\t<\/div>\n\t\t\t\t<\/div>\n\t\t\t\t\t<\/div>\n\t\t<\/div>\n\t\t\t\t\t\t\t<\/div>\n\t\t<\/section>\n\t\t\t\t<section class=\"elementor-section elementor-top-section elementor-element elementor-element-e0bb799 elementor-section-full_width qode_elementor_container_inner elementor-section-height-default elementor-section-height-default parallax_section_no\" data-id=\"e0bb799\" data-element_type=\"section\">\n\t\t\t\t\t\t<div class=\"elementor-container elementor-column-gap-default\">\n\t\t\t\t\t<div class=\"elementor-column elementor-col-100 elementor-top-column elementor-element elementor-element-7417129\" data-id=\"7417129\" data-element_type=\"column\">\n\t\t\t<div class=\"elementor-widget-wrap elementor-element-populated\">\n\t\t\t\t\t\t\t\t<div class=\"elementor-element elementor-element-bc22be5 elementor-widget elementor-widget-bridge_countdown\" data-id=\"bc22be5\" data-element_type=\"widget\" data-widget_type=\"bridge_countdown.default\">\n\t\t\t\t<div class=\"elementor-widget-container\">\n\t\t\t<div class='countdown hide_separator' id='countdown2294' style='color:#FFAD9A;font-weight:400;' data-year = 2024 data-month = 5 data-day = 18 data-hour = 18 data-minute = 0 data-monthsLabel = Meses data-daysLabel = D\u00edas data-hoursLabel = Horas data-minutesLabel = Minutos data-secondsLabel = Segundos data-monthLabel = Mes data-dayLabel = D\u00eda data-hourLabel = Hora data-minuteLabel = Minuto data-secondLabel = Segundo data-tickf = setCountdownStyle2294 data-timezone = 2 data-digitfs = 75 data-labelfs = 20 data-color = #FFAD9A><\/div>\t\t<\/div>\n\t\t\t\t<\/div>\n\t\t\t\t\t<\/div>\n\t\t<\/div>\n\t\t\t\t\t\t\t<\/div>\n\t\t<\/section>\n\t\t\t\t<section class=\"elementor-section elementor-top-section elementor-element elementor-element-971d3ee elementor-section-full_width qode_elementor_container_inner elementor-section-height-default elementor-section-height-default parallax_section_no\" data-id=\"971d3ee\" data-element_type=\"section\">\n\t\t\t\t\t\t<div class=\"elementor-container elementor-column-gap-default\">\n\t\t\t\t\t<div class=\"elementor-column elementor-col-100 elementor-top-column elementor-element elementor-element-92d71cf\" data-id=\"92d71cf\" data-element_type=\"column\">\n\t\t\t<div class=\"elementor-widget-wrap elementor-element-populated\">\n\t\t\t\t\t\t\t\t<div class=\"elementor-element elementor-element-ea4e2bd elementor-widget elementor-widget-heading\" data-id=\"ea4e2bd\" data-element_type=\"widget\" data-widget_type=\"heading.default\">\n\t\t\t\t<div class=\"elementor-widget-container\">\n\t\t\t<h4 class=\"elementor-heading-title elementor-size-default\">\u00a1Conoce nuestra historia!<\/h4>\t\t<\/div>\n\t\t\t\t<\/div>\n\t\t\t\t<div class=\"elementor-element elementor-element-2c849b4 elementor-widget elementor-widget-text-editor\" data-id=\"2c849b4\" data-element_type=\"widget\" data-widget_type=\"text-editor.default\">\n\t\t\t\t<div class=\"elementor-widget-container\">\n\t\t\t\t\t\t\t<p style=\"text-align: center;\">Desde el momento en que nuestros caminos se cruzaron, supe que mi vida estaba a punto de cambiar para siempre. Elena, con su sonrisa radiante y sus ojos llenos de luz, cautiv\u00f3 mi coraz\u00f3n desde el primer instante. Era como si el universo hubiera conspirado para unirnos, entrelazando nuestras vidas de una forma m\u00e1gica.<\/p><p style=\"text-align: center;\">\u00a0<\/p><p style=\"text-align: center;\">Recuerdo claramente el d\u00eda en que nos conocimos. Fue en un peque\u00f1o caf\u00e9, donde nuestras miradas se encontraron y el tiempo se detuvo por un instante. Nuestros corazones lat\u00edan al mismo comp\u00e1s, como si reconocieran el amor que estaba destinado a florecer entre nosotros.<\/p><p style=\"text-align: center;\">\u00a0<\/p><p style=\"text-align: center;\">A medida que nos conoc\u00edamos m\u00e1s, descubr\u00ed la maravilla de su alma. Elena es una mujer llena de pasi\u00f3n, inteligencia y dulzura. Nuestros d\u00edas se llenaron de risas, aventuras y conversaciones profundas que iban m\u00e1s all\u00e1 de las palabras. Juntos, construimos un v\u00ednculo indestructible, forjado en el amor, la confianza y el respeto mutuo.<\/p><p style=\"text-align: center;\">\u00a0<\/p><p style=\"text-align: center;\">Nuestro camino estuvo lleno de desaf\u00edos y pruebas, pero siempre encontramos la manera de superarlos juntos. Nos apoyamos en los momentos dif\u00edciles y celebramos los triunfos con alegr\u00eda desbordante. A lo largo de los a\u00f1os, nuestro amor se ha fortalecido y ha madurado, convirti\u00e9ndonos en compa\u00f1eros de vida inseparables.<\/p><p style=\"text-align: center;\">\u00a0<\/p><p style=\"text-align: center;\">Recorrimos el mundo juntos, explorando nuevos horizontes y creando recuerdos que permanecer\u00e1n grabados en nuestras almas para siempre. Desde las playas v\u00edrgenes de Bali hasta las monta\u00f1as majestuosas de los Alpes, cada viaje fue una oportunidad para descubrir nuevas facetas de nuestro amor y nuestra conexi\u00f3n.<\/p><p style=\"text-align: center;\">\u00a0<\/p><p style=\"text-align: center;\">Hoy, con el coraz\u00f3n lleno de emoci\u00f3n y felicidad, anunciamos que nos vamos a casar. Este compromiso simboliza nuestra promesa de seguir am\u00e1ndonos y apoy\u00e1ndonos incondicionalmente por el resto de nuestras vidas. Nuestro amor ha resistido la prueba del tiempo y ha florecido en algo hermoso y eterno.<\/p><p style=\"text-align: center;\">\u00a0<\/p><p style=\"text-align: center;\">No puedo evitar emocionarme al pensar en nuestro futuro juntos. S\u00e9 que enfrentaremos nuevos desaf\u00edos y aventuras, pero estoy seguro de que, con Elena a mi lado, podemos superar cualquier obst\u00e1culo. Juntos, construiremos un hogar lleno de amor, risas y sue\u00f1os compartidos.<\/p><p style=\"text-align: center;\">\u00a0<\/p><p style=\"text-align: center;\">Elena, mi amada, gracias por ser la persona que ha iluminado mi vida de manera tan maravillosa. Eres mi inspiraci\u00f3n y mi roca, y me siento bendecido por tenerte a mi lado. Que nuestro amor contin\u00fae creciendo y llenando cada d\u00eda de dicha y felicidad.<\/p><p style=\"text-align: center;\">\u00a0<\/p><p style=\"text-align: center;\">En mayo de 2024 celebraremos nuestro amor y el compromiso de unir nuestras vidas en sagrado matrimonio. \u00a1Brindaremos por nosotros, por nuestro amor y por el hermoso futuro que nos espera juntos!<\/p>\t\t\t\t\t\t<\/div>\n\t\t\t\t<\/div>\n\t\t\t\t<div class=\"elementor-element elementor-element-102ef60 elementor-widget elementor-widget-spacer\" data-id=\"102ef60\" data-element_type=\"widget\" data-widget_type=\"spacer.default\">\n\t\t\t\t<div class=\"elementor-widget-container\">\n\t\t\t\t\t<div class=\"elementor-spacer\">\n\t\t\t<div class=\"elementor-spacer-inner\"><\/div>\n\t\t<\/div>\n\t\t\t\t<\/div>\n\t\t\t\t<\/div>\n\t\t\t\t<div class=\"elementor-element elementor-element-307c589 elementor-widget elementor-widget-bridge_image_gallery\" data-id=\"307c589\" data-element_type=\"widget\" data-widget_type=\"bridge_image_gallery.default\">\n\t\t\t\t<div class=\"elementor-widget-container\">\n\t\t\t<div class=\"qode-image-gallery\"><div class=\"qode-image-gallery-inner\"><div class=\"qode-image-gallery-slides wpb_image_grid\" data-interval=\"\"data-control=\"false\"data-direction=\"false\"data-pause-on-hover=\"false\"data-drag=\"false\"><div class=\"gallery_holder\"><ul class=\"gallery_inner gallery_with_space  v3\"><li class=\"no_grayscale\"><a itemprop=\"image\" class=\"qode-prettyphoto\" href=\"https:\/\/webparamiboda.com\/ejemploelenaymiguel\/wp-content\/uploads\/2021\/06\/gallery-6.jpg\" data-rel=\"prettyPhoto[rel-543-1209624670]\"><span class=\"gallery_hover\"><i class=\"fa fa-search\"><\/i><\/span><img decoding=\"async\" itemprop=\"image\" src=\"https:\/\/webparamiboda.com\/ejemploelenaymiguel\/wp-content\/uploads\/2021\/06\/gallery-6.jpg\" \/><\/a><\/li><li class=\"no_grayscale\"><a itemprop=\"image\" class=\"qode-prettyphoto\" href=\"https:\/\/webparamiboda.com\/ejemploelenaymiguel\/wp-content\/uploads\/2021\/06\/gallery-5.jpg\" data-rel=\"prettyPhoto[rel-543-1209624670]\"><span class=\"gallery_hover\"><i class=\"fa fa-search\"><\/i><\/span><img decoding=\"async\" itemprop=\"image\" src=\"https:\/\/webparamiboda.com\/ejemploelenaymiguel\/wp-content\/uploads\/2021\/06\/gallery-5.jpg\" \/><\/a><\/li><li class=\"no_grayscale\"><a itemprop=\"image\" class=\"qode-prettyphoto\" href=\"https:\/\/webparamiboda.com\/ejemploelenaymiguel\/wp-content\/uploads\/2021\/06\/gallery-4.jpg\" data-rel=\"prettyPhoto[rel-543-1209624670]\"><span class=\"gallery_hover\"><i class=\"fa fa-search\"><\/i><\/span><img decoding=\"async\" itemprop=\"image\" src=\"https:\/\/webparamiboda.com\/ejemploelenaymiguel\/wp-content\/uploads\/2021\/06\/gallery-4.jpg\" \/><\/a><\/li><li class=\"no_grayscale\"><a itemprop=\"image\" class=\"qode-prettyphoto\" href=\"https:\/\/webparamiboda.com\/ejemploelenaymiguel\/wp-content\/uploads\/2021\/06\/gallery-3.jpg\" data-rel=\"prettyPhoto[rel-543-1209624670]\"><span class=\"gallery_hover\"><i class=\"fa fa-search\"><\/i><\/span><img decoding=\"async\" itemprop=\"image\" src=\"https:\/\/webparamiboda.com\/ejemploelenaymiguel\/wp-content\/uploads\/2021\/06\/gallery-3.jpg\" \/><\/a><\/li><li class=\"no_grayscale\"><a itemprop=\"image\" class=\"qode-prettyphoto\" href=\"https:\/\/webparamiboda.com\/ejemploelenaymiguel\/wp-content\/uploads\/2021\/06\/gallery-2.jpg\" data-rel=\"prettyPhoto[rel-543-1209624670]\"><span class=\"gallery_hover\"><i class=\"fa fa-search\"><\/i><\/span><img decoding=\"async\" itemprop=\"image\" src=\"https:\/\/webparamiboda.com\/ejemploelenaymiguel\/wp-content\/uploads\/2021\/06\/gallery-2.jpg\" \/><\/a><\/li><li class=\"no_grayscale\"><a itemprop=\"image\" class=\"qode-prettyphoto\" href=\"https:\/\/webparamiboda.com\/ejemploelenaymiguel\/wp-content\/uploads\/2021\/06\/gallery-1.jpg\" data-rel=\"prettyPhoto[rel-543-1209624670]\"><span class=\"gallery_hover\"><i class=\"fa fa-search\"><\/i><\/span><img decoding=\"async\" itemprop=\"image\" src=\"https:\/\/webparamiboda.com\/ejemploelenaymiguel\/wp-content\/uploads\/2021\/06\/gallery-1.jpg\" \/><\/a><\/li><\/ul><\/div><\/div><\/div><\/div>\t\t<\/div>\n\t\t\t\t<\/div>\n\t\t\t\t\t<\/div>\n\t\t<\/div>\n\t\t\t\t\t\t\t<\/div>\n\t\t<\/section>\n\t\t\t\t\t\t\t<\/div>\n\t\t","protected":false},"excerpt":{"rendered":"<p>Elena del R\u00edo y Miguel Guerrero \u00a1Nos casamos! Catedral de Burgos El mejor sitio sin lugar a dudas para sellar nuestro amor frente a todos vosotros Copa de Bienvenida Los mejores aperitivos para que disfrut\u00e9is mientras esper\u00e1is nuestra llegada al sal\u00f3n de bodas Gran Cena&#8230;<\/p>\n","protected":false},"author":1,"featured_media":0,"parent":0,"menu_order":0,"comment_status":"closed","ping_status":"closed","template":"full_width.php","meta":[],"_links":{"self":[{"href":"https:\/\/webparamiboda.com\/ejemploelenaymiguel\/wp-json\/wp\/v2\/pages\/543"}],"collection":[{"href":"https:\/\/webparamiboda.com\/ejemploelenaymiguel\/wp-json\/wp\/v2\/pages"}],"about":[{"href":"https:\/\/webparamiboda.com\/ejemploelenaymiguel\/wp-json\/wp\/v2\/types\/page"}],"author":[{"embeddable":true,"href":"https:\/\/webparamiboda.com\/ejemploelenaymiguel\/wp-json\/wp\/v2\/users\/1"}],"replies":[{"embeddable":true,"href":"https:\/\/webparamiboda.com\/ejemploelenaymiguel\/wp-json\/wp\/v2\/comments?post=543"}],"version-history":[{"count":7,"href":"https:\/\/webparamiboda.com\/ejemploelenaymiguel\/wp-json\/wp\/v2\/pages\/543\/revisions"}],"predecessor-version":[{"id":600,"href":"https:\/\/webparamiboda.com\/ejemploelenaymiguel\/wp-json\/wp\/v2\/pages\/543\/revisions\/600"}],"wp:attachment":[{"href":"https:\/\/webparamiboda.com\/ejemploelenaymiguel\/wp-json\/wp\/v2\/media?parent=543"}],"curies":[{"name":"wp","href":"https:\/\/api.w.org\/{rel}","templated":true}]}}