
{"id":60,"date":"2016-02-10T12:37:59","date_gmt":"2016-02-10T12:37:59","guid":{"rendered":"http:\/\/bridge5.qodeinteractive.com\/?page_id=5"},"modified":"2023-04-28T12:46:03","modified_gmt":"2023-04-28T10:46:03","slug":"home","status":"publish","type":"page","link":"https:\/\/webparamiboda.com\/ejemploluciayroberto\/","title":{"rendered":"Home"},"content":{"rendered":"<section class=\"wpb-content-wrapper\"><p>[vc_row css_animation=\u00bb\u00bb row_type=\u00bbrow\u00bb use_row_as_full_screen_section=\u00bbno\u00bb type=\u00bbgrid\u00bb angled_section=\u00bbno\u00bb text_align=\u00bbcenter\u00bb background_image_as_pattern=\u00bbwithout_pattern\u00bb anchor=\u00bbour_story\u00bb css=\u00bb.vc_custom_1456236602082{padding-top: 189px !important;padding-bottom: 199px !important;background-color: #f2f2f2 !important;}\u00bb][vc_column offset=\u00bbvc_col-lg-offset-2 vc_col-lg-8 vc_col-md-offset-1 vc_col-md-10&#8243;][vc_column_text]<\/p>\n<h2>Nuestra Historia<\/h2>\n<p>[\/vc_column_text][vc_separator type=\u00bbsmall\u00bb position=\u00bbcenter\u00bb][vc_column_text]<\/p>\n<h4>El momento perfecto, la persona perfecta<\/h4>\n<p>[\/vc_column_text][vc_separator type=\u00bbtransparent\u00bb thickness=\u00bb0&#8243; up=\u00bb56&#8243; down=\u00bb0&#8243;][vc_column_text]Os voy a contar la historia de mi amor con Roberto, nuestro camino juntos ha sido un recorrido lleno de emociones, risas y l\u00e1grimas de felicidad.<\/p>\n<p>Desde que lo conoc\u00ed en la universidad, supe que hab\u00eda algo especial en \u00e9l. La forma en que me miraba, la seguridad con la que hablaba y su carisma, todo eso me cautiv\u00f3 desde el primer momento. A medida que pas\u00e1bamos tiempo juntos, me enamoraba m\u00e1s y m\u00e1s de \u00e9l.<\/p>\n<p>Recuerdo el momento exacto en que Roberto me pidi\u00f3 matrimonio, tras seis maravillosos a\u00f1os de novios, fue en un viaje rom\u00e1ntico a la playa.<\/p>\n<p>Cuando el sol comenz\u00f3 a ponerse en el horizonte, Roberto tom\u00f3 mi mano, se arrodill\u00f3 ante m\u00ed y me pidi\u00f3 que fuera su esposa, su mujer, su acompa\u00f1ante para toda la vida. No pod\u00eda contener las l\u00e1grimas de felicidad, no pod\u00eda imaginar mi vida sin \u00e9l.<\/p>\n<p>El d\u00eda de nuestra boda sabemos que ser\u00e1 m\u00e1gico, parecer\u00e1 que estamos en un cuento de hadas.[\/vc_column_text][vc_separator type=\u00bbtransparent\u00bb thickness=\u00bb0&#8243; up=\u00bb46&#8243; down=\u00bb0&#8243;][vc_column_text]<\/p>\n<h5>Fotograf\u00edas por <span style=\"color: #5e2bff;\">Alberto Moreno<\/span><\/h5>\n<p>[\/vc_column_text][\/vc_column][\/vc_row][vc_row row_type=\u00bbparallax\u00bb parallax_content_width=\u00bbin_grid\u00bb text_align=\u00bbcenter\u00bb full_screen_section_height=\u00bbno\u00bb background_image=\u00bb12&#8243;][vc_column css=\u00bb.vc_custom_1455109809747{padding-top: 19.4% !important;padding-bottom: 20% !important;}\u00bb]<div class=\"qode-animation-holder element_from_bottom\"><div class=\"qode-animation-holder-inner\"  style=\"-webkit-animation-delay:s; animation-delay:s; -webkit-transition-delay:s; transition-delay:s\">[vc_column_text]<\/p>\n<h2><span style=\"color: #ffffff;\">\u00a1Te esperamos en Octubre!<\/span><\/h2>\n<p>[\/vc_column_text]<\/div><\/div><div class=\"qode-animation-holder element_from_bottom\"><div class=\"qode-animation-holder-inner\"  style=\"-webkit-animation-delay:0.1s; animation-delay:0.1s; -webkit-transition-delay:0.1s; transition-delay:0.1s\">[vc_separator type=\u00bbsmall\u00bb position=\u00bbcenter\u00bb color=\u00bb#ffffff\u00bb]<\/div><\/div><div class=\"qode-animation-holder element_from_bottom\"><div class=\"qode-animation-holder-inner\"  style=\"-webkit-animation-delay:0.2s; animation-delay:0.2s; -webkit-transition-delay:0.2s; transition-delay:0.2s\">[vc_column_text]<\/p>\n<h4><span style=\"color: #ffffff;\">21 de Octubre de 2023 en Baeza, Ja\u00e9n<\/span><\/h4>\n<p>[\/vc_column_text]<\/div><\/div>[\/vc_column][\/vc_row][vc_row css_animation=\u00bb\u00bb row_type=\u00bbrow\u00bb use_row_as_full_screen_section=\u00bbno\u00bb type=\u00bbgrid\u00bb angled_section=\u00bbno\u00bb text_align=\u00bbcenter\u00bb background_image_as_pattern=\u00bbwithout_pattern\u00bb anchor=\u00bbwedding\u00bb css=\u00bb.vc_custom_1456236615011{padding-top: 189px !important;padding-bottom: 146px !important;background-color: #f2f2f2 !important;}\u00bb][vc_column][vc_column_text]<\/p>\n<h2>Detalles de la Boda<\/h2>\n<p>[\/vc_column_text][vc_separator type=\u00bbsmall\u00bb position=\u00bbcenter\u00bb][vc_column_text]<\/p>\n<h4>El momento perfecto, la persona perfecta<\/h4>\n<p>[\/vc_column_text][vc_separator type=\u00bbtransparent\u00bb thickness=\u00bb0&#8243; up=\u00bb76&#8243; down=\u00bb0&#8243;][vc_row_inner row_type=\u00bbrow\u00bb type=\u00bbfull_width\u00bb text_align=\u00bbleft\u00bb css_animation=\u00bb\u00bb][vc_column_inner width=\u00bb1\/2&#8243;][vc_column_text]<\/p>\n<h3 style=\"text-align: right;\">Ceremonia<\/h3>\n<p>[\/vc_column_text][vc_separator type=\u00bbtransparent\u00bb thickness=\u00bb0&#8243; up=\u00bb38&#8243; down=\u00bb0&#8243;][vc_column_text]<\/p>\n<p style=\"text-align: right;\">17:30 h<\/p>\n<p style=\"text-align: right;\">Iglesia de El Salvador<\/p>\n<p style=\"text-align: right;\">Calle Iglesia, 4<\/p>\n<p style=\"text-align: right;\">Baeza, Ja\u00e9n<\/p>\n<p>[\/vc_column_text][vc_separator type=\u00bbtransparent\u00bb thickness=\u00bb0&#8243; up=\u00bb47&#8243; down=\u00bb0&#8243;][\/vc_column_inner][vc_column_inner width=\u00bb1\/2&#8243;][vc_column_text]<\/p>\n<h3 style=\"text-align: left;\">Banquete<\/h3>\n<p>[\/vc_column_text][vc_separator type=\u00bbtransparent\u00bb thickness=\u00bb0&#8243; up=\u00bb38&#8243; down=\u00bb0&#8243;][vc_column_text]<\/p>\n<p style=\"text-align: left;\">20:00 h<\/p>\n<p style=\"text-align: left;\">Parador de \u00dabeda<\/p>\n<p style=\"text-align: left;\">Plaza V\u00e1zquez de Molina, 1<\/p>\n<p style=\"text-align: left;\">\u00dabeda, Ja\u00e9n<\/p>\n<p>[\/vc_column_text][vc_separator type=\u00bbtransparent\u00bb thickness=\u00bb0&#8243; up=\u00bb47&#8243; down=\u00bb0&#8243;][\/vc_column_inner][\/vc_row_inner][\/vc_column][\/vc_row][vc_row css_animation=\u00bb\u00bb row_type=\u00bbrow\u00bb use_row_as_full_screen_section=\u00bbno\u00bb type=\u00bbfull_width\u00bb angled_section=\u00bbno\u00bb text_align=\u00bbleft\u00bb background_image_as_pattern=\u00bbwithout_pattern\u00bb anchor=\u00bbgallery\u00bb][vc_column][vc_gallery type=\u00bbimage_grid\u00bb images=\u00bb43,44,45,46,47,48,49,50&#8243; img_size=\u00bb600&#215;600&#8243; column_number=\u00bb4&#8243; grayscale=\u00bbyes\u00bb images_space=\u00bbgallery_without_space\u00bb][\/vc_column][\/vc_row][vc_row css_animation=\u00bb\u00bb row_type=\u00bbrow\u00bb use_row_as_full_screen_section=\u00bbno\u00bb type=\u00bbgrid\u00bb angled_section=\u00bbno\u00bb text_align=\u00bbcenter\u00bb background_image_as_pattern=\u00bbwithout_pattern\u00bb anchor=\u00bbregistry\u00bb css=\u00bb.vc_custom_1456236628715{padding-top: 189px !important;padding-bottom: 169px !important;background-color: #f2f2f2 !important;}\u00bb][vc_column][vc_column_text]<\/p>\n<h2>Lista de Bodas<\/h2>\n<p>[\/vc_column_text][vc_separator type=\u00bbsmall\u00bb position=\u00bbcenter\u00bb][vc_column_text]<\/p>\n<h4>Disponemos de lista de boda en las siguientes tiendas:<\/h4>\n<p>[\/vc_column_text][vc_separator type=\u00bbtransparent\u00bb thickness=\u00bb0&#8243; up=\u00bb67&#8243; down=\u00bb0&#8243;][qode_clients columns=\u00bbfive_columns\u00bb hover_effect=\u00bbdefault\u00bb disable_separators=\u00bb\u00bb][qode_client link_target=\u00bb_blank\u00bb image=\u00bb23&#8243; link=\u00bbhttp:\/\/www.amazon.com\/gp\/wedding\/homepage\u00bb][qode_client link_target=\u00bb_blank\u00bb image=\u00bb24&#8243; link=\u00bbhttps:\/\/www.etsy.com\/registry\/\u00bb][qode_client link_target=\u00bb_blank\u00bb image=\u00bb25&#8243; link=\u00bbhttps:\/\/www.sears.com\/giftregistry\/landing\/home\u00bb][qode_client link_target=\u00bb_blank\u00bb image=\u00bb26&#8243; link=\u00bbhttp:\/\/www.target.com\/gift-registry\/wedding-registry\u00bb][qode_client link_target=\u00bb_blank\u00bb image=\u00bb23&#8243; link=\u00bbhttp:\/\/www.amazon.com\/gp\/wedding\/homepage\u00bb][\/qode_clients][\/vc_column][\/vc_row][vc_row css_animation=\u00bb\u00bb row_type=\u00bbrow\u00bb use_row_as_full_screen_section=\u00bbno\u00bb type=\u00bbgrid\u00bb angled_section=\u00bbno\u00bb text_align=\u00bbcenter\u00bb background_image_as_pattern=\u00bbwithout_pattern\u00bb anchor=\u00bbrsvp\u00bb css=\u00bb.vc_custom_1682678695043{padding-top: 90px !important;padding-bottom: 140px !important;background-color: #b49eff !important;}\u00bb z_index=\u00bb\u00bb background_color=\u00bb#ffffff\u00bb][vc_column][vc_column_text]<\/p>\n<h2><span style=\"color: #ffffff;\">Confirma tu asistencia<\/span><\/h2>\n<p>[\/vc_column_text][vc_separator type=\u00bbsmall\u00bb position=\u00bbcenter\u00bb][vc_column_text]<\/p>\n<h4>El momento perfecto, la persona perfecta<\/h4>\n<p>[\/vc_column_text][vc_separator type=\u00bbtransparent\u00bb thickness=\u00bb0&#8243; up=\u00bb76&#8243; down=\u00bb0&#8243;][vc_row_inner row_type=\u00bbrow\u00bb type=\u00bbfull_width\u00bb text_align=\u00bbleft\u00bb css_animation=\u00bb\u00bb][vc_column_inner width=\u00bb1\/4&#8243;][\/vc_column_inner][vc_column_inner width=\u00bb1\/2&#8243;]\n<div class=\"wpcf7 no-js\" id=\"wpcf7-f80-o1\" lang=\"es-ES\" dir=\"ltr\">\n<div class=\"screen-reader-response\"><p role=\"status\" aria-live=\"polite\" aria-atomic=\"true\"><\/p> <ul><\/ul><\/div>\n<form action=\"\/ejemploluciayroberto\/wp-json\/wp\/v2\/pages\/60#wpcf7-f80-o1\" method=\"post\" class=\"wpcf7-form init default\" aria-label=\"Formulario de contacto\" novalidate=\"novalidate\" data-status=\"init\">\n<div style=\"display: none;\">\n<input type=\"hidden\" name=\"_wpcf7\" value=\"80\" \/>\n<input type=\"hidden\" name=\"_wpcf7_version\" value=\"5.7.6\" \/>\n<input type=\"hidden\" name=\"_wpcf7_locale\" value=\"es_ES\" \/>\n<input type=\"hidden\" name=\"_wpcf7_unit_tag\" value=\"wpcf7-f80-o1\" \/>\n<input type=\"hidden\" name=\"_wpcf7_container_post\" value=\"0\" \/>\n<input type=\"hidden\" name=\"_wpcf7_posted_data_hash\" value=\"\" \/>\n<\/div>\n<p><span class=\"wpcf7-form-control-wrap\" data-name=\"nombre\"><input size=\"40\" class=\"wpcf7-form-control wpcf7-text wpcf7-validates-as-required\" aria-required=\"true\" aria-invalid=\"false\" placeholder=\"\u00bfC\u00f3mo te llamas?\" value=\"\" type=\"text\" name=\"nombre\" \/><\/span>\n<\/p>\n<p>\u00bfVienes?\n<\/p>\n<p><span class=\"wpcf7-form-control-wrap\" data-name=\"Vienes\"><span class=\"wpcf7-form-control wpcf7-radio\"><span class=\"wpcf7-list-item first\"><label><input type=\"radio\" name=\"Vienes\" value=\"S\u00ed, no me la perder\u00eda por nada del mundo.\" checked=\"checked\" \/><span class=\"wpcf7-list-item-label\">S\u00ed, no me la perder\u00eda por nada del mundo.<\/span><\/label><\/span><span class=\"wpcf7-list-item last\"><label><input type=\"radio\" name=\"Vienes\" value=\"No, me es imposible asistir. \u00a1Lo siento!\" \/><span class=\"wpcf7-list-item-label\">No, me es imposible asistir. \u00a1Lo siento!<\/span><\/label><\/span><\/span><\/span>\n<\/p>\n<p><span class=\"wpcf7-form-control-wrap\" data-name=\"acompanante\"><input size=\"40\" class=\"wpcf7-form-control wpcf7-text wpcf7-validates-as-required\" aria-required=\"true\" aria-invalid=\"false\" placeholder=\"\u00bfVendr\u00e1s acompa\u00f1ado? Nombre de esa persona\" value=\"\" type=\"text\" name=\"acompanante\" \/><\/span>\n<\/p>\n<p><span class=\"wpcf7-form-control-wrap\" data-name=\"nenes\"><input size=\"40\" class=\"wpcf7-form-control wpcf7-text wpcf7-validates-as-required\" aria-required=\"true\" aria-invalid=\"false\" placeholder=\"\u00bfVendr\u00e1s con ni\u00f1os?? Nombre y edad de cada uno\" value=\"\" type=\"text\" name=\"nenes\" \/><\/span>\n<\/p>\n<p><span class=\"wpcf7-form-control-wrap\" data-name=\"intolerancia\"><input size=\"40\" class=\"wpcf7-form-control wpcf7-text wpcf7-validates-as-required\" aria-required=\"true\" aria-invalid=\"false\" placeholder=\"\u00bfTienes alg\u00fan tipo de alergia o intolerancia? \u00bfCu\u00e1l?\" value=\"\" type=\"text\" name=\"intolerancia\" \/><\/span>\n<\/p>\n<p><span class=\"wpcf7-form-control-wrap\" data-name=\"tel-813\"><input size=\"40\" class=\"wpcf7-form-control wpcf7-text wpcf7-tel wpcf7-validates-as-required wpcf7-validates-as-tel\" aria-required=\"true\" aria-invalid=\"false\" placeholder=\"\u00bfCu\u00e1l es tu n\u00famero de tel\u00e9fono?\" value=\"\" type=\"tel\" name=\"tel-813\" \/><\/span>\n<\/p>\n<p><span class=\"wpcf7-form-control-wrap\" data-name=\"email-896\"><input size=\"40\" class=\"wpcf7-form-control wpcf7-text wpcf7-email wpcf7-validates-as-required wpcf7-validates-as-email\" aria-required=\"true\" aria-invalid=\"false\" placeholder=\"\u00bfCu\u00e1l es tu correo electr\u00f3nico?\" value=\"\" type=\"email\" name=\"email-896\" \/><\/span>\n<\/p>\n<p><span class=\"wpcf7-form-control-wrap\" data-name=\"textarea-93\"><textarea cols=\"40\" rows=\"10\" class=\"wpcf7-form-control wpcf7-textarea\" aria-invalid=\"false\" placeholder=\"\u00bfQuieres dejarnos alg\u00fan mensaje m\u00e1s?\" name=\"textarea-93\"><\/textarea><\/span>\n<\/p>\n<p><input class=\"wpcf7-form-control has-spinner wpcf7-submit\" type=\"submit\" value=\"Enviar\" \/>\n<\/p><div class=\"wpcf7-response-output\" aria-hidden=\"true\"><\/div>\n<\/form>\n<\/div>\n[\/vc_column_inner][vc_column_inner width=\u00bb1\/4&#8243;][\/vc_column_inner][\/vc_row_inner][\/vc_column][\/vc_row][vc_row row_type=\u00bbparallax\u00bb parallax_content_width=\u00bbin_grid\u00bb text_align=\u00bbcenter\u00bb full_screen_section_height=\u00bbno\u00bb background_image=\u00bb32&#8243;][vc_column css=\u00bb.vc_custom_1455109809747{padding-top: 19.4% !important;padding-bottom: 20% !important;}\u00bb]<div class=\"qode-animation-holder element_from_bottom\"><div class=\"qode-animation-holder-inner\"  style=\"-webkit-animation-delay:s; animation-delay:s; -webkit-transition-delay:s; transition-delay:s\">[vc_column_text]<\/p>\n<h2><span style=\"color: #ffffff;\">\u00a1Te esperamos en Octubre!<\/span><\/h2>\n<p>[\/vc_column_text]<\/div><\/div><div class=\"qode-animation-holder element_from_bottom\"><div class=\"qode-animation-holder-inner\"  style=\"-webkit-animation-delay:0.1s; animation-delay:0.1s; -webkit-transition-delay:0.1s; transition-delay:0.1s\">[vc_separator type=\u00bbsmall\u00bb position=\u00bbcenter\u00bb color=\u00bb#ffffff\u00bb]<\/div><\/div><div class=\"qode-animation-holder element_from_bottom\"><div class=\"qode-animation-holder-inner\"  style=\"-webkit-animation-delay:0.2s; animation-delay:0.2s; -webkit-transition-delay:0.2s; transition-delay:0.2s\">[vc_column_text]<\/p>\n<h4><span style=\"color: #ffffff;\">21 de Octubre de 2023 en Baeza, Ja\u00e9n<\/span><\/h4>\n<p>[\/vc_column_text]<\/div><\/div>[\/vc_column][\/vc_row]<\/p>\n<\/section>","protected":false},"excerpt":{"rendered":"<p>[vc_row css_animation=\u00bb\u00bb row_type=\u00bbrow\u00bb use_row_as_full_screen_section=\u00bbno\u00bb type=\u00bbgrid\u00bb angled_section=\u00bbno\u00bb text_align=\u00bbcenter\u00bb background_image_as_pattern=\u00bbwithout_pattern\u00bb anchor=\u00bbour_story\u00bb css=\u00bb.vc_custom_1456236602082{padding-top: 189px !important;padding-bottom: 199px !important;background-color: #f2f2f2 !important;}\u00bb][vc_column offset=\u00bbvc_col-lg-offset-2 vc_col-lg-8 vc_col-md-offset-1 vc_col-md-10&#8243;][vc_column_text] Nuestra Historia [\/vc_column_text][vc_separator type=\u00bbsmall\u00bb position=\u00bbcenter\u00bb][vc_column_text] El momento perfecto, la persona perfecta [\/vc_column_text][vc_separator type=\u00bbtransparent\u00bb thickness=\u00bb0&#8243; up=\u00bb56&#8243; down=\u00bb0&#8243;][vc_column_text]Os voy a contar la historia de mi amor con&#8230;<\/p>\n","protected":false},"author":1,"featured_media":0,"parent":0,"menu_order":0,"comment_status":"closed","ping_status":"closed","template":"full_width.php","meta":[],"_links":{"self":[{"href":"https:\/\/webparamiboda.com\/ejemploluciayroberto\/wp-json\/wp\/v2\/pages\/60"}],"collection":[{"href":"https:\/\/webparamiboda.com\/ejemploluciayroberto\/wp-json\/wp\/v2\/pages"}],"about":[{"href":"https:\/\/webparamiboda.com\/ejemploluciayroberto\/wp-json\/wp\/v2\/types\/page"}],"author":[{"embeddable":true,"href":"https:\/\/webparamiboda.com\/ejemploluciayroberto\/wp-json\/wp\/v2\/users\/1"}],"replies":[{"embeddable":true,"href":"https:\/\/webparamiboda.com\/ejemploluciayroberto\/wp-json\/wp\/v2\/comments?post=60"}],"version-history":[{"count":5,"href":"https:\/\/webparamiboda.com\/ejemploluciayroberto\/wp-json\/wp\/v2\/pages\/60\/revisions"}],"predecessor-version":[{"id":77,"href":"https:\/\/webparamiboda.com\/ejemploluciayroberto\/wp-json\/wp\/v2\/pages\/60\/revisions\/77"}],"wp:attachment":[{"href":"https:\/\/webparamiboda.com\/ejemploluciayroberto\/wp-json\/wp\/v2\/media?parent=60"}],"curies":[{"name":"wp","href":"https:\/\/api.w.org\/{rel}","templated":true}]}}