
{"id":4,"date":"2018-02-02T13:29:03","date_gmt":"2018-02-02T13:29:03","guid":{"rendered":"http:\/\/bridge147.qodeinteractive.com\/?page_id=4"},"modified":"2023-06-03T23:49:46","modified_gmt":"2023-06-03T21:49:46","slug":"home","status":"publish","type":"page","link":"https:\/\/webparamiboda.com\/ejemplooliviayruth\/","title":{"rendered":"Home"},"content":{"rendered":"<section class=\"wpb-content-wrapper\"><p>[vc_row css_animation=\u00bb\u00bb row_type=\u00bbrow\u00bb use_row_as_full_screen_section=\u00bbno\u00bb type=\u00bbfull_width\u00bb angled_section=\u00bbno\u00bb text_align=\u00bbleft\u00bb background_image_as_pattern=\u00bbwithout_pattern\u00bb z_index=\u00bb\u00bb][vc_column][rev_slider_vc alias=\u00bbhome\u00bb][\/vc_column][\/vc_row][vc_row css_animation=\u00bb\u00bb row_type=\u00bbrow\u00bb use_row_as_full_screen_section=\u00bbno\u00bb type=\u00bbgrid\u00bb angled_section=\u00bbno\u00bb text_align=\u00bbcenter\u00bb background_image_as_pattern=\u00bbwithout_pattern\u00bb anchor=\u00bbstory\u00bb z_index=\u00bb\u00bb css=\u00bb.vc_custom_1517585589462{padding-top: 170px !important;padding-bottom: 170px !important;}\u00bb][vc_column][qode_elements_holder number_of_columns=\u00bbone_column\u00bb][qode_elements_holder_item advanced_animations=\u00bbno\u00bb item_padding=\u00bb0 18% 0 18%\u00bb item_padding_1024_1280=\u00bb0 12% 0 12%\u00bb item_padding_768_1024=\u00bb0 7% 0 7%\u00bb item_padding_600_768=\u00bb0 0% 0 0%\u00bb item_padding_480=\u00bb0 0% 0 0%\u00bb][vc_single_image image=\u00bb14&#8243; img_size=\u00bbfull\u00bb alignment=\u00bbcenter\u00bb qode_css_animation=\u00bb\u00bb][vc_empty_space height=\u00bb20px\u00bb][vc_column_text]<\/p>\n<h1>\u00a1Nos casamos!<\/h1>\n<p>[\/vc_column_text][vc_empty_space height=\u00bb20px\u00bb][vc_column_text]En un rinc\u00f3n del universo, donde los destinos se entrelazan con delicadeza, floreci\u00f3 una historia de amor tan hermosa como las estrellas que adornan el cielo nocturno. Olivia y Ruth, dos almas destinadas a encontrarse, cruzaron sus caminos en una tarde dorada, cuando los susurros del viento tej\u00edan melod\u00edas de esperanza.<\/p>\n<p>Olivia, con su cabello de fuego y mirada luminosa, irradiaba una pasi\u00f3n incontenible. Su coraz\u00f3n, lleno de anhelos y sue\u00f1os, buscaba incansablemente a alguien que pudiera comprender su esencia, y en aquel instante, se encontr\u00f3 con Ruth, que con su serenidad y gracia, envolv\u00eda cada paso que daba con una elegancia indescriptible.<\/p>\n<p>El tiempo se convirti\u00f3 en c\u00f3mplice de su amor, y durante ocho a\u00f1os, sus vidas se entrelazaron en un baile armonioso. Juntas, construyeron un refugio en el que el amor florec\u00eda, como un jard\u00edn en primavera, llenando cada espacio con sus risas y susurros de complicidad.<\/p>\n<p>Cada amanecer era una promesa susurrada al o\u00eddo del otro, mientras el sol iluminaba sus rostros y acariciaba sus mejillas. Juntas, caminaban por senderos de complicidad, sosteni\u00e9ndose mutuamente en los momentos dif\u00edciles y celebrando en los triunfos que la vida les brindaba. Cada palabra que cruzaban era un poema lleno de ternura, y cada abrazo era un remanso de paz en medio de un mundo turbulento.<\/p>\n<p>Olivia y Ruth se descubrieron el uno al otro, explorando los rincones m\u00e1s profundos de sus almas. Encontraron en su amor un refugio inquebrantable, una sinfon\u00eda de emociones que se entrelazaban en cada mirada y cada caricia. Se amaron con la intensidad de mil soles y se sostuvieron con la fuerza de la monta\u00f1a m\u00e1s alta.<\/p>\n<p>Y as\u00ed, en una tarde de verano, bajo un cielo lleno de estrellas testigo de su amor, Olivia y Ruth decidieron unir sus destinos en un pacto eterno. Sus corazones, enredados como enredaderas, se fusionaron en un abrazo eterno, sellando su amor con los lazos del matrimonio. Sus ojos se encontraron, y en ese instante m\u00e1gico, supieron que estaban destinadas a escribir un nuevo cap\u00edtulo en su historia.<\/p>\n<p>En el d\u00eda de su boda, el universo parec\u00eda celebrar con ellas. Las flores, embriagadas de su amor, desplegaban sus colores m\u00e1s vibrantes. Las risas y los aplausos llenaban el aire, mientras el amor flotaba como una melod\u00eda de esperanza. Olivia y Ruth, vestidas de felicidad, caminaron hacia el altar con pasos llenos de ilusi\u00f3n, sabiendo que ese era el inicio de una vida llena de aventuras compartidas.<\/p>\n<p>Y as\u00ed, con el tiempo como aliado y la complicidad como gu\u00eda, Olivia y Ruth se embarcaron en un viaje sinuoso pero apasionante. Con cada amanecer, se recordaban mutuamente el valor del amor incondicional y la fuerza de dos corazones que laten en perfecta armon\u00eda.<\/p>\n<p>Hoy, despu\u00e9s de ocho a\u00f1os de amarse y construir una historia juntas, Olivia y Ruth contin\u00faan escribiendo su cuento de hadas en las p\u00e1ginas de la vida. Con cada puesta de sol, se abrazan con la certeza de que su amor es eterno, y que siempre estar\u00e1n all\u00ed, la una para la otra, en cada amanecer y cada anochecer.<\/p>\n<p>Que su historia de amor sea un faro en medio de la oscuridad, un recordatorio de que el amor verdadero trasciende barreras y desaf\u00eda cualquier adversidad. Que Olivia y Ruth, dos almas unidas por el hilo inquebrantable del amor, sean un ejemplo para todos nosotros, inspir\u00e1ndonos a amar sin l\u00edmites y a creer en la belleza de nuestras propias historias.[\/vc_column_text][\/qode_elements_holder_item][\/qode_elements_holder][\/vc_column][\/vc_row][vc_row css_animation=\u00bb\u00bb row_type=\u00bbrow\u00bb use_row_as_full_screen_section=\u00bbno\u00bb type=\u00bbfull_width\u00bb angled_section=\u00bbno\u00bb text_align=\u00bbcenter\u00bb background_image_as_pattern=\u00bbwithout_pattern\u00bb css=\u00bb.vc_custom_1685823337020{padding-top: 280px !important;padding-bottom: 270px !important;background-image: url(https:\/\/webparamiboda.com\/ejemplooliviayruth\/wp-content\/uploads\/2023\/06\/cropped-shot-of-a-young-couple-standing-together-o.jpg?id=86) !important;}\u00bb z_index=\u00bb\u00bb][vc_column][vc_single_image image=\u00bb23&#8243; img_size=\u00bbfull\u00bb alignment=\u00bbcenter\u00bb qode_css_animation=\u00bb\u00bb][vc_empty_space height=\u00bb6px\u00bb][vc_column_text]<\/p>\n<h2>7 de Junio de 2025<\/h2>\n<p>[\/vc_column_text][\/vc_column][\/vc_row][vc_row css_animation=\u00bb\u00bb row_type=\u00bbrow\u00bb use_row_as_full_screen_section=\u00bbno\u00bb type=\u00bbgrid\u00bb angled_section=\u00bbno\u00bb text_align=\u00bbcenter\u00bb background_image_as_pattern=\u00bbwithout_pattern\u00bb anchor=\u00bbrow2&#8243; z_index=\u00bb\u00bb css=\u00bb.vc_custom_1517584968132{padding-top: 170px !important;padding-bottom: 140px !important;}\u00bb el_class=\u00bbrow-with-link\u00bb][vc_column width=\u00bb1\/3&#8243;][vc_column_text]<\/p>\n<h3>Ceremonia<\/h3>\n<p>[\/vc_column_text][vc_empty_space height=\u00bb15px\u00bb][vc_column_text]<span style=\"line-height: 36px;\">6:30 PM \u2013 7:45 PM<br \/>\nFinca San Marcos,<br \/>\nParaje, C. San Marcos ,13<br \/>\n42005 Soria<br \/>\n<\/span>[\/vc_column_text][vc_empty_space height=\u00bb20px\u00bb][vc_column_text]<a href=\"#\"><span style=\"color: #d8a077;\"><em>Ver Mapa<\/em><\/span><\/a>[\/vc_column_text][vc_empty_space height=\u00bb50px\u00bb][\/vc_column][vc_column width=\u00bb1\/3&#8243;][vc_column_text]<\/p>\n<h3>Copa de Bienvenida &amp; Cena<\/h3>\n<p>[\/vc_column_text][vc_empty_space height=\u00bb15px\u00bb][vc_column_text]<span style=\"line-height: 36px;\">8:30 PM \u2013 11:45 PM<br \/>\nFinca San Marcos,<br \/>\nParaje, C. San Marcos ,13<br \/>\n42005 Soria<br \/>\n<\/span>[\/vc_column_text][vc_empty_space height=\u00bb20px\u00bb][vc_column_text]<a href=\"#\"><span style=\"color: #d8a077;\"><em>Ver Mapa<\/em><\/span><\/a>[\/vc_column_text][vc_empty_space height=\u00bb50px\u00bb][\/vc_column][vc_column width=\u00bb1\/3&#8243;][vc_column_text]<\/p>\n<h3>Fiesta<\/h3>\n<p>[\/vc_column_text][vc_empty_space height=\u00bb15px\u00bb][vc_column_text]<span style=\"line-height: 36px;\">11:45 PM \u2013 6:00 AM<br \/>\nFinca San Marcos,<br \/>\nParaje, C. San Marcos ,13<br \/>\n42005 Soria<br \/>\n<\/span>[\/vc_column_text][vc_empty_space height=\u00bb20px\u00bb][vc_column_text]<a href=\"#\"><span style=\"color: #d8a077;\"><em>Ver Mapa<\/em><\/span><\/a>[\/vc_column_text][vc_empty_space height=\u00bb50px\u00bb][\/vc_column][\/vc_row][vc_row css_animation=\u00bb\u00bb row_type=\u00bbrow\u00bb use_row_as_full_screen_section=\u00bbno\u00bb type=\u00bbfull_width\u00bb angled_section=\u00bbno\u00bb text_align=\u00bbleft\u00bb background_image_as_pattern=\u00bbwithout_pattern\u00bb anchor=\u00bbgallery\u00bb css=\u00bb.vc_custom_1517584517580{background-color: #f8f6f3 !important;}\u00bb z_index=\u00bb\u00bb][vc_column][vc_row_inner row_type=\u00bbrow\u00bb type=\u00bbgrid\u00bb text_align=\u00bbcenter\u00bb css_animation=\u00bb\u00bb css=\u00bb.vc_custom_1517582484371{padding-top: 180px !important;padding-bottom: 170px !important;}\u00bb][vc_column_inner][vc_single_image image=\u00bb38&#8243; img_size=\u00bbfull\u00bb alignment=\u00bbcenter\u00bb qode_css_animation=\u00bb\u00bb][vc_empty_space height=\u00bb14px\u00bb][vc_column_text]<\/p>\n<h1>Nuestros mejores momentos hasta ahora<\/h1>\n<p>[\/vc_column_text][vc_empty_space height=\u00bb77px\u00bb]<div class=\"qode-advanced-image-gallery  qode-aig-masonry-type qode-small-space  qode-image-behavior-zoom qode-aig-images-fixed\">\n\t<div class=\"qode-aig-inner qode-outer-space qode-aig-masonry qode-aig-three-columns\">\n\t\t<div class=\"qode-aig-grid-sizer\"><\/div>\n\t\t<div class=\"qode-aig-grid-gutter\"><\/div>\n\t\t\t\t\t\t\t\t<div class=\"qode-aig-image qode-item-space qode-aig-default-masonry-item\">\n\t\t\t\t<div class=\"qode-aig-image-inner\">\n\t\t\t\t\t\t\t\t\t\t\t<img loading=\"lazy\" decoding=\"async\" width=\"1100\" height=\"1100\" src=\"https:\/\/webparamiboda.com\/ejemplooliviayruth\/wp-content\/uploads\/2023\/06\/foto-1-dos-mujeres-jovenes-divirtiendose-playa-al-atardecer-romance-amor-lesbiana-gay.jpg\" class=\"attachment-full size-full\" alt=\"\" srcset=\"https:\/\/webparamiboda.com\/ejemplooliviayruth\/wp-content\/uploads\/2023\/06\/foto-1-dos-mujeres-jovenes-divirtiendose-playa-al-atardecer-romance-amor-lesbiana-gay.jpg 1100w, https:\/\/webparamiboda.com\/ejemplooliviayruth\/wp-content\/uploads\/2023\/06\/foto-1-dos-mujeres-jovenes-divirtiendose-playa-al-atardecer-romance-amor-lesbiana-gay-300x300.jpg 300w, https:\/\/webparamiboda.com\/ejemplooliviayruth\/wp-content\/uploads\/2023\/06\/foto-1-dos-mujeres-jovenes-divirtiendose-playa-al-atardecer-romance-amor-lesbiana-gay-1024x1024.jpg 1024w, https:\/\/webparamiboda.com\/ejemplooliviayruth\/wp-content\/uploads\/2023\/06\/foto-1-dos-mujeres-jovenes-divirtiendose-playa-al-atardecer-romance-amor-lesbiana-gay-150x150.jpg 150w, https:\/\/webparamiboda.com\/ejemplooliviayruth\/wp-content\/uploads\/2023\/06\/foto-1-dos-mujeres-jovenes-divirtiendose-playa-al-atardecer-romance-amor-lesbiana-gay-768x768.jpg 768w, https:\/\/webparamiboda.com\/ejemplooliviayruth\/wp-content\/uploads\/2023\/06\/foto-1-dos-mujeres-jovenes-divirtiendose-playa-al-atardecer-romance-amor-lesbiana-gay-570x570.jpg 570w, https:\/\/webparamiboda.com\/ejemplooliviayruth\/wp-content\/uploads\/2023\/06\/foto-1-dos-mujeres-jovenes-divirtiendose-playa-al-atardecer-romance-amor-lesbiana-gay-500x500.jpg 500w, https:\/\/webparamiboda.com\/ejemplooliviayruth\/wp-content\/uploads\/2023\/06\/foto-1-dos-mujeres-jovenes-divirtiendose-playa-al-atardecer-romance-amor-lesbiana-gay-1000x1000.jpg 1000w, https:\/\/webparamiboda.com\/ejemplooliviayruth\/wp-content\/uploads\/2023\/06\/foto-1-dos-mujeres-jovenes-divirtiendose-playa-al-atardecer-romance-amor-lesbiana-gay-700x700.jpg 700w\" sizes=\"auto, (max-width: 1100px) 100vw, 1100px\" \/>\t\t\t\t\t\t<span class=\"aig-gallery-hover\">\n\t\t\t\t\t\t\t\t\t\t\t\t\t<\/span>\n\t\t\t\t\t\t\t\t\t<\/div>\n\t\t\t<\/div>\n\t\t\t\t\t\t\t\t<div class=\"qode-aig-image qode-item-space qode-aig-default-masonry-item\">\n\t\t\t\t<div class=\"qode-aig-image-inner\">\n\t\t\t\t\t\t\t\t\t\t\t<img loading=\"lazy\" decoding=\"async\" width=\"1100\" height=\"1100\" src=\"https:\/\/webparamiboda.com\/ejemplooliviayruth\/wp-content\/uploads\/2018\/02\/image-gallery-2.jpg\" class=\"attachment-full size-full\" alt=\"h\" srcset=\"https:\/\/webparamiboda.com\/ejemplooliviayruth\/wp-content\/uploads\/2018\/02\/image-gallery-2.jpg 1100w, https:\/\/webparamiboda.com\/ejemplooliviayruth\/wp-content\/uploads\/2018\/02\/image-gallery-2-300x300.jpg 300w, https:\/\/webparamiboda.com\/ejemplooliviayruth\/wp-content\/uploads\/2018\/02\/image-gallery-2-1024x1024.jpg 1024w, https:\/\/webparamiboda.com\/ejemplooliviayruth\/wp-content\/uploads\/2018\/02\/image-gallery-2-150x150.jpg 150w, https:\/\/webparamiboda.com\/ejemplooliviayruth\/wp-content\/uploads\/2018\/02\/image-gallery-2-768x768.jpg 768w, https:\/\/webparamiboda.com\/ejemplooliviayruth\/wp-content\/uploads\/2018\/02\/image-gallery-2-570x570.jpg 570w, https:\/\/webparamiboda.com\/ejemplooliviayruth\/wp-content\/uploads\/2018\/02\/image-gallery-2-500x500.jpg 500w, https:\/\/webparamiboda.com\/ejemplooliviayruth\/wp-content\/uploads\/2018\/02\/image-gallery-2-1000x1000.jpg 1000w, https:\/\/webparamiboda.com\/ejemplooliviayruth\/wp-content\/uploads\/2018\/02\/image-gallery-2-700x700.jpg 700w\" sizes=\"auto, (max-width: 1100px) 100vw, 1100px\" \/>\t\t\t\t\t\t<span class=\"aig-gallery-hover\">\n\t\t\t\t\t\t\t\t\t\t\t\t\t<\/span>\n\t\t\t\t\t\t\t\t\t<\/div>\n\t\t\t<\/div>\n\t\t\t\t\t\t\t\t<div class=\"qode-aig-image qode-item-space qode-aig-default-masonry-item\">\n\t\t\t\t<div class=\"qode-aig-image-inner\">\n\t\t\t\t\t\t\t\t\t\t\t<img loading=\"lazy\" decoding=\"async\" width=\"1100\" height=\"1100\" src=\"https:\/\/webparamiboda.com\/ejemplooliviayruth\/wp-content\/uploads\/2018\/02\/image-gallery-3.jpg\" class=\"attachment-full size-full\" alt=\"h\" srcset=\"https:\/\/webparamiboda.com\/ejemplooliviayruth\/wp-content\/uploads\/2018\/02\/image-gallery-3.jpg 1100w, https:\/\/webparamiboda.com\/ejemplooliviayruth\/wp-content\/uploads\/2018\/02\/image-gallery-3-300x300.jpg 300w, https:\/\/webparamiboda.com\/ejemplooliviayruth\/wp-content\/uploads\/2018\/02\/image-gallery-3-1024x1024.jpg 1024w, https:\/\/webparamiboda.com\/ejemplooliviayruth\/wp-content\/uploads\/2018\/02\/image-gallery-3-150x150.jpg 150w, https:\/\/webparamiboda.com\/ejemplooliviayruth\/wp-content\/uploads\/2018\/02\/image-gallery-3-768x768.jpg 768w, https:\/\/webparamiboda.com\/ejemplooliviayruth\/wp-content\/uploads\/2018\/02\/image-gallery-3-570x570.jpg 570w, https:\/\/webparamiboda.com\/ejemplooliviayruth\/wp-content\/uploads\/2018\/02\/image-gallery-3-500x500.jpg 500w, https:\/\/webparamiboda.com\/ejemplooliviayruth\/wp-content\/uploads\/2018\/02\/image-gallery-3-1000x1000.jpg 1000w, https:\/\/webparamiboda.com\/ejemplooliviayruth\/wp-content\/uploads\/2018\/02\/image-gallery-3-700x700.jpg 700w\" sizes=\"auto, (max-width: 1100px) 100vw, 1100px\" \/>\t\t\t\t\t\t<span class=\"aig-gallery-hover\">\n\t\t\t\t\t\t\t\t\t\t\t\t\t<\/span>\n\t\t\t\t\t\t\t\t\t<\/div>\n\t\t\t<\/div>\n\t\t\t\t\t\t\t\t<div class=\"qode-aig-image qode-item-space qode-aig-default-masonry-item\">\n\t\t\t\t<div class=\"qode-aig-image-inner\">\n\t\t\t\t\t\t\t\t\t\t\t<img loading=\"lazy\" decoding=\"async\" width=\"1100\" height=\"1100\" src=\"https:\/\/webparamiboda.com\/ejemplooliviayruth\/wp-content\/uploads\/2018\/02\/image-gallery-4.jpg\" class=\"attachment-full size-full\" alt=\"h\" srcset=\"https:\/\/webparamiboda.com\/ejemplooliviayruth\/wp-content\/uploads\/2018\/02\/image-gallery-4.jpg 1100w, https:\/\/webparamiboda.com\/ejemplooliviayruth\/wp-content\/uploads\/2018\/02\/image-gallery-4-300x300.jpg 300w, https:\/\/webparamiboda.com\/ejemplooliviayruth\/wp-content\/uploads\/2018\/02\/image-gallery-4-1024x1024.jpg 1024w, https:\/\/webparamiboda.com\/ejemplooliviayruth\/wp-content\/uploads\/2018\/02\/image-gallery-4-150x150.jpg 150w, https:\/\/webparamiboda.com\/ejemplooliviayruth\/wp-content\/uploads\/2018\/02\/image-gallery-4-768x768.jpg 768w, https:\/\/webparamiboda.com\/ejemplooliviayruth\/wp-content\/uploads\/2018\/02\/image-gallery-4-570x570.jpg 570w, https:\/\/webparamiboda.com\/ejemplooliviayruth\/wp-content\/uploads\/2018\/02\/image-gallery-4-500x500.jpg 500w, https:\/\/webparamiboda.com\/ejemplooliviayruth\/wp-content\/uploads\/2018\/02\/image-gallery-4-1000x1000.jpg 1000w, https:\/\/webparamiboda.com\/ejemplooliviayruth\/wp-content\/uploads\/2018\/02\/image-gallery-4-700x700.jpg 700w\" sizes=\"auto, (max-width: 1100px) 100vw, 1100px\" \/>\t\t\t\t\t\t<span class=\"aig-gallery-hover\">\n\t\t\t\t\t\t\t\t\t\t\t\t\t<\/span>\n\t\t\t\t\t\t\t\t\t<\/div>\n\t\t\t<\/div>\n\t\t\t\t\t\t\t\t<div class=\"qode-aig-image qode-item-space qode-aig-default-masonry-item\">\n\t\t\t\t<div class=\"qode-aig-image-inner\">\n\t\t\t\t\t\t\t\t\t\t\t<img loading=\"lazy\" decoding=\"async\" width=\"1100\" height=\"1100\" src=\"https:\/\/webparamiboda.com\/ejemplooliviayruth\/wp-content\/uploads\/2023\/06\/foto-5-hermosos-retratos-lgtbiq-plus.jpg\" class=\"attachment-full size-full\" alt=\"\" srcset=\"https:\/\/webparamiboda.com\/ejemplooliviayruth\/wp-content\/uploads\/2023\/06\/foto-5-hermosos-retratos-lgtbiq-plus.jpg 1100w, https:\/\/webparamiboda.com\/ejemplooliviayruth\/wp-content\/uploads\/2023\/06\/foto-5-hermosos-retratos-lgtbiq-plus-300x300.jpg 300w, https:\/\/webparamiboda.com\/ejemplooliviayruth\/wp-content\/uploads\/2023\/06\/foto-5-hermosos-retratos-lgtbiq-plus-1024x1024.jpg 1024w, https:\/\/webparamiboda.com\/ejemplooliviayruth\/wp-content\/uploads\/2023\/06\/foto-5-hermosos-retratos-lgtbiq-plus-150x150.jpg 150w, https:\/\/webparamiboda.com\/ejemplooliviayruth\/wp-content\/uploads\/2023\/06\/foto-5-hermosos-retratos-lgtbiq-plus-768x768.jpg 768w, https:\/\/webparamiboda.com\/ejemplooliviayruth\/wp-content\/uploads\/2023\/06\/foto-5-hermosos-retratos-lgtbiq-plus-570x570.jpg 570w, https:\/\/webparamiboda.com\/ejemplooliviayruth\/wp-content\/uploads\/2023\/06\/foto-5-hermosos-retratos-lgtbiq-plus-500x500.jpg 500w, https:\/\/webparamiboda.com\/ejemplooliviayruth\/wp-content\/uploads\/2023\/06\/foto-5-hermosos-retratos-lgtbiq-plus-1000x1000.jpg 1000w, https:\/\/webparamiboda.com\/ejemplooliviayruth\/wp-content\/uploads\/2023\/06\/foto-5-hermosos-retratos-lgtbiq-plus-700x700.jpg 700w\" sizes=\"auto, (max-width: 1100px) 100vw, 1100px\" \/>\t\t\t\t\t\t<span class=\"aig-gallery-hover\">\n\t\t\t\t\t\t\t\t\t\t\t\t\t<\/span>\n\t\t\t\t\t\t\t\t\t<\/div>\n\t\t\t<\/div>\n\t\t\t\t\t\t\t\t<div class=\"qode-aig-image qode-item-space qode-aig-default-masonry-item\">\n\t\t\t\t<div class=\"qode-aig-image-inner\">\n\t\t\t\t\t\t\t\t\t\t\t<img loading=\"lazy\" decoding=\"async\" width=\"1100\" height=\"1100\" src=\"https:\/\/webparamiboda.com\/ejemplooliviayruth\/wp-content\/uploads\/2023\/06\/foto-8-couple-of-lesbian-girls-in-love-show-their-love-on.jpg\" class=\"attachment-full size-full\" alt=\"\" srcset=\"https:\/\/webparamiboda.com\/ejemplooliviayruth\/wp-content\/uploads\/2023\/06\/foto-8-couple-of-lesbian-girls-in-love-show-their-love-on.jpg 1100w, https:\/\/webparamiboda.com\/ejemplooliviayruth\/wp-content\/uploads\/2023\/06\/foto-8-couple-of-lesbian-girls-in-love-show-their-love-on-300x300.jpg 300w, https:\/\/webparamiboda.com\/ejemplooliviayruth\/wp-content\/uploads\/2023\/06\/foto-8-couple-of-lesbian-girls-in-love-show-their-love-on-1024x1024.jpg 1024w, https:\/\/webparamiboda.com\/ejemplooliviayruth\/wp-content\/uploads\/2023\/06\/foto-8-couple-of-lesbian-girls-in-love-show-their-love-on-150x150.jpg 150w, https:\/\/webparamiboda.com\/ejemplooliviayruth\/wp-content\/uploads\/2023\/06\/foto-8-couple-of-lesbian-girls-in-love-show-their-love-on-768x768.jpg 768w, https:\/\/webparamiboda.com\/ejemplooliviayruth\/wp-content\/uploads\/2023\/06\/foto-8-couple-of-lesbian-girls-in-love-show-their-love-on-570x570.jpg 570w, https:\/\/webparamiboda.com\/ejemplooliviayruth\/wp-content\/uploads\/2023\/06\/foto-8-couple-of-lesbian-girls-in-love-show-their-love-on-500x500.jpg 500w, https:\/\/webparamiboda.com\/ejemplooliviayruth\/wp-content\/uploads\/2023\/06\/foto-8-couple-of-lesbian-girls-in-love-show-their-love-on-1000x1000.jpg 1000w, https:\/\/webparamiboda.com\/ejemplooliviayruth\/wp-content\/uploads\/2023\/06\/foto-8-couple-of-lesbian-girls-in-love-show-their-love-on-700x700.jpg 700w\" sizes=\"auto, (max-width: 1100px) 100vw, 1100px\" \/>\t\t\t\t\t\t<span class=\"aig-gallery-hover\">\n\t\t\t\t\t\t\t\t\t\t\t\t\t<\/span>\n\t\t\t\t\t\t\t\t\t<\/div>\n\t\t\t<\/div>\n\t\t\t<\/div>\n<\/div>\n[\/vc_column_inner][\/vc_row_inner][\/vc_column][\/vc_row][vc_row css_animation=\u00bb\u00bb row_type=\u00bbrow\u00bb use_row_as_full_screen_section=\u00bbno\u00bb type=\u00bbgrid\u00bb angled_section=\u00bbno\u00bb text_align=\u00bbcenter\u00bb background_image_as_pattern=\u00bbwithout_pattern\u00bb anchor=\u00bbregistry\u00bb z_index=\u00bb\u00bb css=\u00bb.vc_custom_1517584543949{padding-top: 192px !important;padding-bottom: 175px !important;}\u00bb][vc_column][qode_elements_holder number_of_columns=\u00bbone_column\u00bb][qode_elements_holder_item advanced_animations=\u00bbno\u00bb item_padding=\u00bb0 18% 0 18%\u00bb item_padding_768_1024=\u00bb0 8% 0 8%\u00bb item_padding_600_768=\u00bb0 0 0 0&#8243; item_padding_480=\u00bb0 0% 0 0%\u00bb][vc_column_text]<\/p>\n<h1>Lista de Boda<\/h1>\n<p>[\/vc_column_text][vc_empty_space height=\u00bb20px\u00bb][vc_column_text]Estas son todas las marcas en las que pod\u00e9is encontrar una lista de boda con los regalos que m\u00e1s nos gustan:[\/vc_column_text][vc_empty_space height=\u00bb100px\u00bb][\/qode_elements_holder_item][\/qode_elements_holder][vc_row_inner row_type=\u00bbrow\u00bb type=\u00bbfull_width\u00bb text_align=\u00bbleft\u00bb css_animation=\u00bb\u00bb][vc_column_inner][qode_clients columns=\u00bbthree_columns\u00bb hover_effect=\u00bbdefault\u00bb disable_separators=\u00bbyes\u00bb][qode_client image=\u00bb53&#8243; link=\u00bb#\u00bb][qode_client image=\u00bb54&#8243; link=\u00bb#\u00bb][qode_client image=\u00bb55&#8243; link=\u00bb#\u00bb][\/qode_clients][\/vc_column_inner][\/vc_row_inner][vc_row_inner row_type=\u00bbrow\u00bb type=\u00bbfull_width\u00bb text_align=\u00bbleft\u00bb css_animation=\u00bb\u00bb css=\u00bb.vc_custom_1517583321794{padding-top: 73px !important;}\u00bb][vc_column_inner][qode_clients columns=\u00bbthree_columns\u00bb hover_effect=\u00bbdefault\u00bb disable_separators=\u00bbyes\u00bb][qode_client image=\u00bb61&#8243; link=\u00bb#\u00bb][qode_client image=\u00bb62&#8243; link=\u00bb#\u00bb][qode_client image=\u00bb63&#8243; link=\u00bb#\u00bb][\/qode_clients][\/vc_column_inner][\/vc_row_inner][vc_row_inner row_type=\u00bbrow\u00bb type=\u00bbfull_width\u00bb text_align=\u00bbleft\u00bb css_animation=\u00bb\u00bb css=\u00bb.vc_custom_1517583334171{padding-top: 73px !important;}\u00bb][vc_column_inner][qode_clients columns=\u00bbthree_columns\u00bb hover_effect=\u00bbdefault\u00bb disable_separators=\u00bbyes\u00bb][qode_client image=\u00bb64&#8243; link=\u00bb#\u00bb][qode_client image=\u00bb65&#8243; link=\u00bb#\u00bb][qode_client image=\u00bb66&#8243; link=\u00bb#\u00bb][\/qode_clients][\/vc_column_inner][\/vc_row_inner][\/vc_column][\/vc_row][vc_row css_animation=\u00bb\u00bb row_type=\u00bbrow\u00bb use_row_as_full_screen_section=\u00bbno\u00bb type=\u00bbfull_width\u00bb angled_section=\u00bbno\u00bb text_align=\u00bbleft\u00bb background_image_as_pattern=\u00bbwithout_pattern\u00bb][vc_column][rev_slider_vc alias=\u00bbhome-bottom\u00bb][\/vc_column][\/vc_row]<\/p>\n<\/section>","protected":false},"excerpt":{"rendered":"<p>[vc_row css_animation=\u00bb\u00bb row_type=\u00bbrow\u00bb use_row_as_full_screen_section=\u00bbno\u00bb type=\u00bbfull_width\u00bb angled_section=\u00bbno\u00bb text_align=\u00bbleft\u00bb background_image_as_pattern=\u00bbwithout_pattern\u00bb z_index=\u00bb\u00bb][vc_column][rev_slider_vc alias=\u00bbhome\u00bb][\/vc_column][\/vc_row][vc_row css_animation=\u00bb\u00bb row_type=\u00bbrow\u00bb use_row_as_full_screen_section=\u00bbno\u00bb type=\u00bbgrid\u00bb angled_section=\u00bbno\u00bb text_align=\u00bbcenter\u00bb background_image_as_pattern=\u00bbwithout_pattern\u00bb anchor=\u00bbstory\u00bb z_index=\u00bb\u00bb css=\u00bb.vc_custom_1517585589462{padding-top: 170px !important;padding-bottom: 170px !important;}\u00bb][vc_column][qode_elements_holder number_of_columns=\u00bbone_column\u00bb][qode_elements_holder_item advanced_animations=\u00bbno\u00bb item_padding=\u00bb0 18% 0 18%\u00bb item_padding_1024_1280=\u00bb0 12% 0 12%\u00bb item_padding_768_1024=\u00bb0 7% 0 7%\u00bb item_padding_600_768=\u00bb0 0% 0 0%\u00bb item_padding_480=\u00bb0 0% 0&#8230;<\/p>\n","protected":false},"author":1,"featured_media":0,"parent":0,"menu_order":0,"comment_status":"closed","ping_status":"closed","template":"full_width.php","meta":{"footnotes":""},"class_list":["post-4","page","type-page","status-publish","hentry"],"_links":{"self":[{"href":"https:\/\/webparamiboda.com\/ejemplooliviayruth\/wp-json\/wp\/v2\/pages\/4","targetHints":{"allow":["GET"]}}],"collection":[{"href":"https:\/\/webparamiboda.com\/ejemplooliviayruth\/wp-json\/wp\/v2\/pages"}],"about":[{"href":"https:\/\/webparamiboda.com\/ejemplooliviayruth\/wp-json\/wp\/v2\/types\/page"}],"author":[{"embeddable":true,"href":"https:\/\/webparamiboda.com\/ejemplooliviayruth\/wp-json\/wp\/v2\/users\/1"}],"replies":[{"embeddable":true,"href":"https:\/\/webparamiboda.com\/ejemplooliviayruth\/wp-json\/wp\/v2\/comments?post=4"}],"version-history":[{"count":11,"href":"https:\/\/webparamiboda.com\/ejemplooliviayruth\/wp-json\/wp\/v2\/pages\/4\/revisions"}],"predecessor-version":[{"id":103,"href":"https:\/\/webparamiboda.com\/ejemplooliviayruth\/wp-json\/wp\/v2\/pages\/4\/revisions\/103"}],"wp:attachment":[{"href":"https:\/\/webparamiboda.com\/ejemplooliviayruth\/wp-json\/wp\/v2\/media?parent=4"}],"curies":[{"name":"wp","href":"https:\/\/api.w.org\/{rel}","templated":true}]}}